{"id":87,"date":"2014-10-07T12:58:03","date_gmt":"2014-10-07T10:58:03","guid":{"rendered":"http:\/\/www.computerisierung.com\/?page_id=87"},"modified":"2020-10-30T21:24:05","modified_gmt":"2020-10-30T19:24:05","slug":"mitarbeiter","status":"publish","type":"page","link":"https:\/\/www.computerisierung.com\/?page_id=87","title":{"rendered":"Mitarbeiter"},"content":{"rendered":"<div id=\"pl-87\"  class=\"panel-layout\" ><div id=\"pg-87-0\"  class=\"panel-grid panel-no-style\" ><div id=\"pgc-87-0-0\"  class=\"panel-grid-cell\" ><div id=\"panel-87-0-0-0\" class=\"so-panel widget widget_black-studio-tinymce widget_black_studio_tinymce panel-first-child panel-last-child\" data-index=\"0\" ><div class=\"textwidget\"><p><img decoding=\"async\" src=\"http:\/\/www.computerisierung.com\/wp-content\/uploads\/2014\/10\/boesch_gr.jpg\" \/><\/p>\n<\/div><\/div><\/div><div id=\"pgc-87-0-1\"  class=\"panel-grid-cell\" ><div id=\"panel-87-0-1-0\" class=\"so-panel widget widget_text panel-first-child panel-last-child\" data-index=\"1\" ><h3 class=\"widget-title\">Prof. Dr. Frank B\u00f6sch<\/h3>\t\t\t<div class=\"textwidget\"><b> Prof. Dr. Frank B\u00f6sch <\/b> ist Direktor des Zentrum f\u00fcr Zeithistorische Forschung in Potsdam und Professor f\u00fcr deutsche und europ\u00e4ische Geschichte des 20. Jahrhunderts an der Universit\u00e4t Potsdam. Er leitet das Projekt \"Aufbr\u00fcche in der digitale Gesellschaft\". <a href=\"http:\/\/www.zzf-pdm.de\/site\/822\/default.aspx\">[mehr]<\/a><\/div>\n\t\t<\/div><\/div><\/div><div id=\"pg-87-1\"  class=\"panel-grid panel-no-style\" ><div id=\"pgc-87-1-0\"  class=\"panel-grid-cell\" ><div id=\"panel-87-1-0-0\" class=\"so-panel widget widget_black-studio-tinymce widget_black_studio_tinymce panel-first-child panel-last-child\" data-index=\"2\" ><div class=\"textwidget\"><p><img decoding=\"async\" src=\"http:\/\/www.computerisierung.com\/wp-content\/uploads\/2014\/10\/bergien_gr1.jpg\" \/><\/p>\n<\/div><\/div><\/div><div id=\"pgc-87-1-1\"  class=\"panel-grid-cell\" ><div id=\"panel-87-1-1-0\" class=\"so-panel widget widget_text panel-first-child panel-last-child\" data-index=\"3\" ><h3 class=\"widget-title\">Dr. R\u00fcdiger Bergien<\/h3>\t\t\t<div class=\"textwidget\"><b> Dr. R\u00fcdiger Bergien <\/b> ist Wissenschaftlicher Mitarbeiter am Zentrum f\u00fcr Zeithistorische Forschung in Potsdam. In seinem Projekt untersucht er den Computerausbau in Polizeibeh\u00f6rden und Nachrichtendiensten. <a href=\"http:\/\/zzf-pdm.de\/site\/mid__3277\/ModeID__0\/EhPageID__1349\/699\/default.aspx\"> [mehr] <\/a><\/div>\n\t\t<\/div><\/div><\/div><div id=\"pg-87-2\"  class=\"panel-grid panel-no-style\" ><div id=\"pgc-87-2-0\"  class=\"panel-grid-cell\" ><div id=\"panel-87-2-0-0\" class=\"so-panel widget widget_black-studio-tinymce widget_black_studio_tinymce panel-first-child panel-last-child\" data-index=\"4\" ><div class=\"textwidget\"><p><img decoding=\"async\" src=\"http:\/\/www.computerisierung.com\/wp-content\/uploads\/2014\/10\/kasper_gr.jpg\" \/><\/p>\n<\/div><\/div><\/div><div id=\"pgc-87-2-1\"  class=\"panel-grid-cell\" ><div id=\"panel-87-2-1-0\" class=\"so-panel widget widget_text panel-first-child panel-last-child\" data-index=\"5\" ><h3 class=\"widget-title\">Thomas Kasper<\/h3>\t\t\t<div class=\"textwidget\"><b> Thomas Kasper <\/b> ist Wissenschaftlicher Mitarbeiter am Zentrum f\u00fcr Zeithistorische Forschung in Potsdam. In seinem Dissertationsprojekt setzt er sich mit den Ver\u00e4nderungen durch die Computerisierung in Sozial- und Rentenversicherungen auseinander. <a href=\"http:\/\/www.zzf-pdm.de\/site\/901\/default.aspx\"> [mehr] <\/a><\/div>\n\t\t<\/div><\/div><\/div><div id=\"pg-87-3\"  class=\"panel-grid panel-no-style\" ><div id=\"pgc-87-3-0\"  class=\"panel-grid-cell\" ><div id=\"panel-87-3-0-0\" class=\"so-panel widget widget_black-studio-tinymce widget_black_studio_tinymce panel-first-child panel-last-child\" data-index=\"6\" ><div class=\"textwidget\"><p><img decoding=\"async\" src=\"http:\/\/www.computerisierung.com\/wp-content\/uploads\/2014\/10\/schmitt_gr.jpg\" \/><\/p>\n<\/div><\/div><\/div><div id=\"pgc-87-3-1\"  class=\"panel-grid-cell\" ><div id=\"panel-87-3-1-0\" class=\"so-panel widget widget_text panel-first-child panel-last-child\" data-index=\"7\" ><h3 class=\"widget-title\">Martin Schmitt<\/h3>\t\t\t<div class=\"textwidget\"><p><b> Martin Schmitt <\/b> war Wissenschaftlicher Mitarbeiter am Zentrum f\u00fcr Zeithistorische Forschung in Potsdam. In seinem Dissertationsprojekt setzte er sich mit den Auswirkungen der Computerisierung auf die Kreditwirtschaft auseinander. <a href=\"http:\/\/www.zzf-pdm.de\/site\/991\/Default.aspx\"> [mehr] <\/a><\/p>\n<\/div>\n\t\t<\/div><\/div><\/div><div id=\"pg-87-4\"  class=\"panel-grid panel-no-style\" ><div id=\"pgc-87-4-0\"  class=\"panel-grid-cell\" ><div id=\"panel-87-4-0-0\" class=\"so-panel widget widget_black-studio-tinymce widget_black_studio_tinymce panel-first-child panel-last-child\" data-index=\"8\" ><div class=\"textwidget\"><p><img decoding=\"async\" src=\"http:\/\/www.computerisierung.com\/wp-content\/uploads\/2014\/10\/julia_gr.jpg\" \/><\/p>\n<\/div><\/div><\/div><div id=\"pgc-87-4-1\"  class=\"panel-grid-cell\" ><div id=\"panel-87-4-1-0\" class=\"so-panel widget widget_text panel-first-child panel-last-child\" data-index=\"9\" ><h3 class=\"widget-title\">Julia Erdogan<\/h3>\t\t\t<div class=\"textwidget\"><b> Julia Erdogan <\/b> ist Wissenschaftliche Mitarbeiterin am Zentrum f\u00fcr Zeithistorisch in Potsdam. In ihrem Dissertationsprojekt untersucht sie die Sub- und Gegenkulturen der Computernutzung in BRD und DDR seit den 1970er Jahren. <a href=\"http:\/\/zzf-pdm.de\/site\/990\/default.aspx\"> [mehr] <\/a><\/div>\n\t\t<\/div><\/div><\/div><div id=\"pg-87-5\"  class=\"panel-grid panel-no-style\" ><div id=\"pgc-87-5-0\"  class=\"panel-grid-cell\" ><div id=\"panel-87-5-0-0\" class=\"so-panel widget widget_text panel-first-child panel-last-child\" data-index=\"10\" >\t\t\t<div class=\"textwidget\"><hr> <\/hr> <\/div>\n\t\t<\/div><\/div><\/div><div id=\"pg-87-6\"  class=\"panel-grid panel-no-style\" ><div id=\"pgc-87-6-0\"  class=\"panel-grid-cell\" ><div id=\"panel-87-6-0-0\" class=\"so-panel widget widget_text panel-first-child panel-last-child\" data-index=\"11\" ><h3 class=\"widget-title\">Assoziierte Projektmitarbeiter<\/h3>\t\t\t<div class=\"textwidget\"><\/div>\n\t\t<\/div><\/div><\/div><div id=\"pg-87-7\"  class=\"panel-grid panel-no-style\" ><div id=\"pgc-87-7-0\"  class=\"panel-grid-cell\" ><div id=\"panel-87-7-0-0\" class=\"so-panel widget widget_black-studio-tinymce widget_black_studio_tinymce panel-first-child panel-last-child\" data-index=\"12\" ><div class=\"textwidget\"><p><img decoding=\"async\" src=\"http:\/\/www.computerisierung.com\/wp-content\/uploads\/2014\/10\/schuhmann_gr.jpg\" \/><\/p>\n<\/div><\/div><\/div><div id=\"pgc-87-7-1\"  class=\"panel-grid-cell\" ><div id=\"panel-87-7-1-0\" class=\"so-panel widget widget_text panel-first-child panel-last-child\" data-index=\"13\" ><h3 class=\"widget-title\">Dr. Annette Schuhmann<\/h3>\t\t\t<div class=\"textwidget\"><b> Dr. Annette Schuhmann <\/b> ist verantwortliche Redakteurin bei Zeitgeschichte-online (ZOL) am Zentrum f\u00fcr Zeithistorische Forschung in Potsdam (ZZF). Parallel bearbeitet sie das Projekt \"Computerisierung der Industriearbeit in Deutschland\". <a href=\"http:\/\/www.zzf-pdm.de\/site\/403\/default.aspx\">[mehr]<\/a><\/div>\n\t\t<\/div><\/div><\/div><div id=\"pg-87-8\"  class=\"panel-grid panel-no-style\" ><div id=\"pgc-87-8-0\"  class=\"panel-grid-cell\" ><div id=\"panel-87-8-0-0\" class=\"so-panel widget widget_black-studio-tinymce widget_black_studio_tinymce panel-first-child panel-last-child\" data-index=\"14\" ><div class=\"textwidget\"><p><img decoding=\"async\" src=\"http:\/\/www.computerisierung.com\/wp-content\/uploads\/2014\/10\/noack_gr.png\" \/><\/p>\n<\/div><\/div><\/div><div id=\"pgc-87-8-1\"  class=\"panel-grid-cell\" ><div id=\"panel-87-8-1-0\" class=\"so-panel widget widget_text panel-first-child panel-last-child\" data-index=\"15\" ><h3 class=\"widget-title\">Janine Funke<\/h3>\t\t\t<div class=\"textwidget\"><b> Janine Funke <\/b> ist Absolventin der University of Cambridge. In ihrem von der Gerda Henkel Stiftung finanzierten Dissertationsprojekt setzt sie sich mit der Computerisierung der Bundeswehr und der NVA auseinander.  <a href=\"http:\/\/www.zzf-pdm.de\/site\/1030\/default.aspx\">[mehr]<\/a>\n<\/div>\n\t\t<\/div><\/div><\/div><div id=\"pg-87-9\"  class=\"panel-grid panel-no-style\" ><div id=\"pgc-87-9-0\"  class=\"panel-grid-cell\" ><div id=\"panel-87-9-0-0\" class=\"so-panel widget widget_text panel-first-child panel-last-child\" data-index=\"16\" >\t\t\t<div class=\"textwidget\"><hr><\/hr><\/div>\n\t\t<\/div><\/div><\/div><div id=\"pg-87-10\"  class=\"panel-grid panel-no-style\" ><div id=\"pgc-87-10-0\"  class=\"panel-grid-cell\" ><div id=\"panel-87-10-0-0\" class=\"so-panel widget widget_text panel-first-child panel-last-child\" data-index=\"17\" ><h3 class=\"widget-title\">Weitere Projektverantwortliche<\/h3>\t\t\t<div class=\"textwidget\"><\/div>\n\t\t<\/div><\/div><\/div><div id=\"pg-87-11\"  class=\"panel-grid panel-no-style\" ><div id=\"pgc-87-11-0\"  class=\"panel-grid-cell\" ><div id=\"panel-87-11-0-0\" class=\"so-panel widget widget_black-studio-tinymce widget_black_studio_tinymce panel-first-child panel-last-child\" data-index=\"18\" ><div class=\"textwidget\"><p><img decoding=\"async\" src=\"http:\/\/www.computerisierung.com\/wp-content\/uploads\/2014\/10\/danyel_gr1.jpg\" \/><\/p>\n<\/div><\/div><\/div><div id=\"pgc-87-11-1\"  class=\"panel-grid-cell\" ><div id=\"panel-87-11-1-0\" class=\"so-panel widget widget_text panel-first-child panel-last-child\" data-index=\"19\" ><h3 class=\"widget-title\">Dr. J\u00fcrgen Danyel<\/h3>\t\t\t<div class=\"textwidget\"><b> Dr. J\u00fcrgen Danyel <\/b> ist stellvertretender Direktor des Zentrums f\u00fcr Zeithistorische Forschung in Potsdam und Leiter der dortigen Abteilung  \"Zeitgeschichte der Medien- und Informationsgesellschaft\". Neben seiner Funktion als Projektleiter bei \"Zeitgeschichte-online\" und der \"Zeithistorische Forschungen\" ver\u00f6ffentlichte er einige grundlegenden Beitr\u00e4ge zur Zeitgeschichte der Informationsgesellschaft in Deutschland. <a href=\"http:\/\/zzf-pdm.de\/site\/430\/default.aspx\">[mehr]<\/a><\/div>\n\t\t<\/div><\/div><\/div><div id=\"pg-87-12\"  class=\"panel-grid panel-no-style\" ><div id=\"pgc-87-12-0\"  class=\"panel-grid-cell\" ><div id=\"panel-87-12-0-0\" class=\"so-panel widget widget_black-studio-tinymce widget_black_studio_tinymce panel-first-child panel-last-child\" data-index=\"20\" ><div class=\"textwidget\"><p><img decoding=\"async\" src=\"http:\/\/www.computerisierung.com\/wp-content\/uploads\/2014\/10\/ahrens_gr.jpg\" \/><\/p>\n<\/div><\/div><\/div><div id=\"pgc-87-12-1\"  class=\"panel-grid-cell\" ><div id=\"panel-87-12-1-0\" class=\"so-panel widget widget_text panel-first-child panel-last-child\" data-index=\"21\" ><h3 class=\"widget-title\">Dr. Ralf Ahrens <\/h3>\t\t\t<div class=\"textwidget\"><b> Dr. Ralf Ahrens <\/b> ist Wissenschaftlicher Mitarbeiter am Zentrum f\u00fcr Zeithistorische Forschung in Potsdam und Lehrbeauftragter an der Universit\u00e4t Potsdam. Er arbeitet derzeit an einem Projekt zur Strukturpolitik und Subventionen in der Bundesrepublik nach dem \"Wirtschaftswunder\" und betreut den Wirtschaftshistorischen Teil des Computerisierungsprojektes.<a href=\"http:\/\/www.zzf-pdm.de\/site\/629\/default.aspx\">[mehr]<\/a><\/div>\n\t\t<\/div><\/div><\/div><div id=\"pg-87-13\"  class=\"panel-grid panel-no-style\" ><div id=\"pgc-87-13-0\"  class=\"panel-grid-cell\" ><div id=\"panel-87-13-0-0\" class=\"so-panel widget widget_black-studio-tinymce widget_black_studio_tinymce panel-first-child panel-last-child\" data-index=\"22\" ><div class=\"textwidget\"><p><img decoding=\"async\" src=\"http:\/\/www.computerisierung.com\/wp-content\/uploads\/2014\/10\/suess_gr.jpg\" \/><\/p>\n<\/div><\/div><\/div><div id=\"pgc-87-13-1\"  class=\"panel-grid-cell\" ><div id=\"panel-87-13-1-0\" class=\"so-panel widget widget_text panel-first-child panel-last-child\" data-index=\"23\" ><h3 class=\"widget-title\">PD Dr. Winfried S\u00fc\u00df<\/h3>\t\t\t<div class=\"textwidget\"><b> PD Dr. Winfried S\u00fc\u00df <\/b> ist wissenschaftlicher Mitarbeiter am Zentrum f\u00fcr Zeithistorische Forschung in Potsdam und Privatdozent f\u00fcr Neuere und Neueste Geschichte am Historischen Seminar der LMU M\u00fcnchen. Er forscht zur Geschichte europ\u00e4ischer Wohlfahrtsstaatlichkeit und zur Geschichte sozialer Ungleichheit und betreut den sozialstaatsgeschichtlichen Teil des Projekts. <a href=\"http:\/\/www.zzf-pdm.de\/site\/503\/Default.aspx\">[mehr]<\/a><\/div>\n\t\t<\/div><\/div><\/div><div id=\"pg-87-14\"  class=\"panel-grid panel-no-style\" ><div id=\"pgc-87-14-0\"  class=\"panel-grid-cell\" ><div id=\"panel-87-14-0-0\" class=\"so-panel widget widget_black-studio-tinymce widget_black_studio_tinymce panel-first-child panel-last-child\" data-index=\"24\" ><div class=\"textwidget\"><p><img decoding=\"async\" src=\"http:\/\/www.computerisierung.com\/wp-content\/uploads\/2014\/10\/gieseke_gr.jpg\" \/><\/p>\n<\/div><\/div><\/div><div id=\"pgc-87-14-1\"  class=\"panel-grid-cell\" ><div id=\"panel-87-14-1-0\" class=\"so-panel widget widget_text panel-first-child panel-last-child\" data-index=\"25\" ><h3 class=\"widget-title\">Dr. Jens Gieseke<\/h3>\t\t\t<div class=\"textwidget\"><b> Dr. Jens Gieseke <\/b> ist Wissenschaftlicher Mitarbeiter am Zentrum f\u00fcr Zeithistorische Forschung in Potsdam und leitet gemeinsam mit Prof. Dr. Thomas Lindenberger Leiter der dortigen Abteilung  \"Kommunismus und Gesellschaft\". <a href=\"http:\/\/www.zzf-pdm.de\/site\/609\/default.aspx\">[mehr]<\/a><\/div>\n\t\t<\/div><\/div><\/div><\/div>","protected":false},"excerpt":{"rendered":"<p>Prof. Dr. Frank B\u00f6sch ist Direktor des Zentrum f\u00fcr Zeithistorische Forschung in Potsdam und Professor f\u00fcr deutsche und europ\u00e4ische Geschichte des 20. Jahrhunderts an der Universit\u00e4t Potsdam. Er leitet das Projekt &#8222;Aufbr\u00fcche in der digitale Gesellschaft&#8220;. [mehr] Dr. R\u00fcdiger Bergien ist Wissenschaftlicher Mitarbeiter am Zentrum f\u00fcr Zeithistorische Forschung in Potsdam. In seinem Projekt untersucht er [&hellip;]<\/p>\n","protected":false},"author":1,"featured_media":0,"parent":0,"menu_order":0,"comment_status":"open","ping_status":"open","template":"","meta":{"footnotes":""},"class_list":["post-87","page","type-page","status-publish","hentry","post"],"_links":{"self":[{"href":"https:\/\/www.computerisierung.com\/index.php?rest_route=\/wp\/v2\/pages\/87","targetHints":{"allow":["GET"]}}],"collection":[{"href":"https:\/\/www.computerisierung.com\/index.php?rest_route=\/wp\/v2\/pages"}],"about":[{"href":"https:\/\/www.computerisierung.com\/index.php?rest_route=\/wp\/v2\/types\/page"}],"author":[{"embeddable":true,"href":"https:\/\/www.computerisierung.com\/index.php?rest_route=\/wp\/v2\/users\/1"}],"replies":[{"embeddable":true,"href":"https:\/\/www.computerisierung.com\/index.php?rest_route=%2Fwp%2Fv2%2Fcomments&post=87"}],"version-history":[{"count":34,"href":"https:\/\/www.computerisierung.com\/index.php?rest_route=\/wp\/v2\/pages\/87\/revisions"}],"predecessor-version":[{"id":1260,"href":"https:\/\/www.computerisierung.com\/index.php?rest_route=\/wp\/v2\/pages\/87\/revisions\/1260"}],"wp:attachment":[{"href":"https:\/\/www.computerisierung.com\/index.php?rest_route=%2Fwp%2Fv2%2Fmedia&parent=87"}],"curies":[{"name":"wp","href":"https:\/\/api.w.org\/{rel}","templated":true}]}}