{"id":52,"date":"2014-10-01T13:16:23","date_gmt":"2014-10-01T11:16:23","guid":{"rendered":"http:\/\/www.computerisierung.com\/?page_id=52"},"modified":"2014-10-01T13:16:23","modified_gmt":"2014-10-01T11:16:23","slug":"teilprojekte","status":"publish","type":"page","link":"https:\/\/www.computerisierung.com\/?page_id=52","title":{"rendered":"Teilprojekte"},"content":{"rendered":"<p>Das Projekt untersucht die fr\u00fche Computerisierung an vier konkreten Teilbereichen, in denen sie fr\u00fch expandierte: An Instanzen staatlicher \u00dcberwachung (Bundeskriminalamt und Ministerium f\u00fcr Staatssicherheit), an der Computernutzung in der Rentenversicherung, anhand der Sparkassen und an Netzwerken fr\u00fcher privater Nutzer (Hacker, Bastler und Spieler), die wiederum auch R\u00fcckwirkungen auf Arbeitsqualifikationen und Kontrollmechanismen hatten. Ausgew\u00e4hlt wurden damit Felder, die nachhaltig gesellschaftliche Vorstellungen \u00fcber Computer pr\u00e4gten und viele Menschen erstmals mit Computerprodukten in Ber\u00fchrung brachten. Erg\u00e4nzt wird dies einerseits durch ein Projekt am ZZF zur Industriearbeit, andererseits durch vier parallel laufende Projekte von Kooperationspartnern: zu B\u00fcromaschinen (Deutsches Museum, M\u00fcnchen), zur Computerisierung im Milit\u00e4r (Zentrum f\u00fcr Milit\u00e4rgeschichte und Sozialwissenschaften der Bundeswehr, Potsdam), zum Film (Hochschule f\u00fcr Film und Fernsehen, Potsdam) und zur Spielkultur (Zentrum f\u00fcr Computerspielforschung, Universit\u00e4t Potsdam). Auf diese Weise soll ein gr\u00f6\u00dferer sichtbarer Forschungsschwerpunkt entstehen, der wichtige gesellschaftliche Bereiche der Computerisierung abdeckt.<\/p>\n","protected":false},"excerpt":{"rendered":"<p>Das Projekt untersucht die fr\u00fche Computerisierung an vier konkreten Teilbereichen, in denen sie fr\u00fch expandierte: An Instanzen staatlicher \u00dcberwachung (Bundeskriminalamt und Ministerium f\u00fcr Staatssicherheit), an der Computernutzung in der Rentenversicherung, anhand der Sparkassen und an Netzwerken fr\u00fcher privater Nutzer (Hacker, Bastler und Spieler), die wiederum auch R\u00fcckwirkungen auf Arbeitsqualifikationen und Kontrollmechanismen hatten. Ausgew\u00e4hlt wurden damit [&hellip;]<\/p>\n","protected":false},"author":1,"featured_media":0,"parent":0,"menu_order":0,"comment_status":"open","ping_status":"open","template":"","meta":{"footnotes":""},"class_list":["post-52","page","type-page","status-publish","hentry","post"],"_links":{"self":[{"href":"https:\/\/www.computerisierung.com\/index.php?rest_route=\/wp\/v2\/pages\/52","targetHints":{"allow":["GET"]}}],"collection":[{"href":"https:\/\/www.computerisierung.com\/index.php?rest_route=\/wp\/v2\/pages"}],"about":[{"href":"https:\/\/www.computerisierung.com\/index.php?rest_route=\/wp\/v2\/types\/page"}],"author":[{"embeddable":true,"href":"https:\/\/www.computerisierung.com\/index.php?rest_route=\/wp\/v2\/users\/1"}],"replies":[{"embeddable":true,"href":"https:\/\/www.computerisierung.com\/index.php?rest_route=%2Fwp%2Fv2%2Fcomments&post=52"}],"version-history":[{"count":1,"href":"https:\/\/www.computerisierung.com\/index.php?rest_route=\/wp\/v2\/pages\/52\/revisions"}],"predecessor-version":[{"id":53,"href":"https:\/\/www.computerisierung.com\/index.php?rest_route=\/wp\/v2\/pages\/52\/revisions\/53"}],"wp:attachment":[{"href":"https:\/\/www.computerisierung.com\/index.php?rest_route=%2Fwp%2Fv2%2Fmedia&parent=52"}],"curies":[{"name":"wp","href":"https:\/\/api.w.org\/{rel}","templated":true}]}}