{"id":2,"date":"2014-09-05T08:12:39","date_gmt":"2014-09-05T08:12:39","guid":{"rendered":"http:\/\/192.168.10.223\/wpcom\/?page_id=2"},"modified":"2023-07-25T11:09:07","modified_gmt":"2023-07-25T09:09:07","slug":"beispiel-seite","status":"publish","type":"page","link":"https:\/\/www.computerisierung.com\/?page_id=2","title":{"rendered":"AUFBR\u00dcCHE IN DIE DIGITALE GESELLSCHAFT"},"content":{"rendered":"<p><a href=\"http:\/\/www.computerisierung.com\/wp-content\/uploads\/2014\/10\/comp5.jpg\"><img loading=\"lazy\" decoding=\"async\" class=\"size-full wp-image-83\" src=\"http:\/\/www.computerisierung.com\/wp-content\/uploads\/2014\/10\/comp5.jpg\" alt=\"\" width=\"800\" height=\"414\" srcset=\"https:\/\/www.computerisierung.com\/wp-content\/uploads\/2014\/10\/comp5.jpg 800w, https:\/\/www.computerisierung.com\/wp-content\/uploads\/2014\/10\/comp5-300x155.jpg 300w\" sizes=\"auto, (max-width: 800px) 100vw, 800px\" \/><\/a><\/p>\n<h1><strong>Computerisierung und soziale Ordnungen in der Bundesrepublik und DDR<\/strong><\/h1>\n<p>Die Etablierung des Computers f\u00fchrte bereits in den 1970\/80er Jahren zu massiven gesellschaftlichen Ver\u00e4nderungen. Dennoch hat sich die Zeitgeschichtsforschung mit diesem Wandlungsprozess bislang kaum besch\u00e4ftigt. So liegen nur einzelne, vornehmlich wirtschafts- und technikhistorische Arbeiten zur fr\u00fchen westdeutschen Computertechnik vor, f\u00fcr die DDR besonders zur politischen Lenkung der Produktion und Informatik. Das Projekt setzt sich dagegen zum Ziel, die gesellschaftliche Bedeutung der fr\u00fchen Computerisierung in gesamtdeutscher Perspektive zu erforschen, indem es die gesellschaftlichen Deutungen, Praktiken und Folgen der zunehmenden Computernutzung in Ost- und Westdeutschland untersucht. Mit der Phase von den 1960er Jahren bis hin zur Wiedervereinigung wird dabei jene mittlerweile historisierbare Zeitspanne bearbeitet, in der sich Computer vor allem in gro\u00dfen Beh\u00f6rden, Unternehmen und schlie\u00dflich bei Hackern und Spielern etablierten, bevor Anfang der 1990er Jahre das World Wide Web und die massenhafte Verbreitung leicht bedienbarer PCs eine neue Phase der Computerisierung einleiteten.<\/p>\n<p>Die gesellschaftliche Bedeutung der Computerisierung wird vor allem f\u00fcr drei Forschungsfelder untersucht. Erstens wird gefragt, in welcher Form sie die Arbeitswelt ver\u00e4nderte, etwa im Hinblick auf Arbeitsabl\u00e4ufe, -ergebnisse und Betriebsstrukturen. Zweitens wird aus kultur- und sozialgeschichtlicher Perspektive untersucht, auf welche Weise die Computerisierung Kontroll- und Machtgef\u00fcge pr\u00e4gte, etwa inwieweit sie eine zentralisierte Erfassung, neue gesellschaftliche Beobachtungen oder auch subversive Vernetzungen f\u00f6rderte. Drittens wird die Computerisierung als ein bisher kaum beachteter Baustein in der Konkurrenz des Kalten Kriegs betrachtet. Das Projekt untersucht die asymmetrischen Verflechtungen zwischen Ost- und Westdeutschland und fragt vergleichend, auf welche Weise der jeweilige politische und \u00f6konomische Rahmen die Computerisierung pr\u00e4gte.<\/p>\n<p>Methodisch verschr\u00e4nkt das Projekt Ans\u00e4tze der Kultur- und Sozialgeschichte. Alle Teilprojekte sind empirisch angelegt und basieren auf einer Auswertung vielf\u00e4ltiger zeithistorischer Quellen \u2013 wie den Archivakten der beteiligten Institutionen und Akteure, den digital produzierten Quellen, den Rohdaten zeitgen\u00f6ssischer sozialwissenschaftlicher Erhebungen zur Arbeitswelt, den zeitgen\u00f6ssischen Periodika (etwa der Gewerkschaften und Computerzeitschriften) sowie der qualitativen Befragung von Zeitzeugen. Die Ergebnisse des Projektes werden in monographischen Studien und Fachartikeln ver\u00f6ffentlicht. Dabei kann das ZZF an vielf\u00e4ltige Vorarbeiten ankn\u00fcpfen \u2013 sowohl zur deutsch-deutschen Zeitgeschichte, zu den einzelnen Teilbereichen als auch zur Zeitgeschichte der Informationsgesellschaft.<\/p>\n<p>Das Projekt wurde im Rahmen des &#8222;<a href=\"http:\/\/www.leibniz-gemeinschaft.de\/ueber-uns\/leibniz-wettbewerb\/\">Leibniz-Wettbewerb<\/a>&#8220;\u00a0in der F\u00f6rderlinie &#8222;innovative Vorhaben&#8220; eingeworben. Von 2014-2017 finanziert die Leibniz-Gemeinschaft vier Teilprojekte. Weitere Projekte am ZZF Potsdam sind assoziiert.<\/p>\n<h2><strong>Projektbezogene Publikationen:<\/strong><\/h2>\n<ol>\n<li>B\u00f6sch, Frank (Hrsg.): Wege in die digitale Gesellschaft. Computernutzung in der Bundesrepublik 1955-1990, Wallstein Verlag, G\u00f6ttingen 2018.<\/li>\n<li>Schmitt, Martin\/Erdogan, Julia\/Kasper, Thomas\/Funke, Janine: \u201eDigitalgeschichte Deutschlands. Ein Forschungsbericht.\u201c, in: Technikgeschichte 83\/1 (2016), S. 33\u201370.<\/li>\n<\/ol>\n<p>Bild: BArch,\u00a0ADN-ZB Ludwig-27.6.88-pa, Produktion von Personalcomputern im VEB\u00a0Robotron B\u00fcromaschinenwerk Ernst Th\u00e4lmann S\u00f6mmerda,\u00a0Kontrolle des PC 1715<\/p>\n","protected":false},"excerpt":{"rendered":"<p>Computerisierung und soziale Ordnungen in der Bundesrepublik und DDR Die Etablierung des Computers f\u00fchrte bereits in den 1970\/80er Jahren zu massiven gesellschaftlichen Ver\u00e4nderungen. Dennoch hat sich die Zeitgeschichtsforschung mit diesem Wandlungsprozess bislang kaum besch\u00e4ftigt. So liegen nur einzelne, vornehmlich wirtschafts- und technikhistorische Arbeiten zur fr\u00fchen westdeutschen Computertechnik vor, f\u00fcr die DDR besonders zur politischen Lenkung [&hellip;]<\/p>\n","protected":false},"author":1,"featured_media":83,"parent":0,"menu_order":0,"comment_status":"open","ping_status":"open","template":"","meta":{"footnotes":""},"class_list":["post-2","page","type-page","status-publish","has-post-thumbnail","hentry","post","post-with-thumbnail","post-with-thumbnail-large"],"_links":{"self":[{"href":"https:\/\/www.computerisierung.com\/index.php?rest_route=\/wp\/v2\/pages\/2","targetHints":{"allow":["GET"]}}],"collection":[{"href":"https:\/\/www.computerisierung.com\/index.php?rest_route=\/wp\/v2\/pages"}],"about":[{"href":"https:\/\/www.computerisierung.com\/index.php?rest_route=\/wp\/v2\/types\/page"}],"author":[{"embeddable":true,"href":"https:\/\/www.computerisierung.com\/index.php?rest_route=\/wp\/v2\/users\/1"}],"replies":[{"embeddable":true,"href":"https:\/\/www.computerisierung.com\/index.php?rest_route=%2Fwp%2Fv2%2Fcomments&post=2"}],"version-history":[{"count":8,"href":"https:\/\/www.computerisierung.com\/index.php?rest_route=\/wp\/v2\/pages\/2\/revisions"}],"predecessor-version":[{"id":1362,"href":"https:\/\/www.computerisierung.com\/index.php?rest_route=\/wp\/v2\/pages\/2\/revisions\/1362"}],"wp:featuredmedia":[{"embeddable":true,"href":"https:\/\/www.computerisierung.com\/index.php?rest_route=\/wp\/v2\/media\/83"}],"wp:attachment":[{"href":"https:\/\/www.computerisierung.com\/index.php?rest_route=%2Fwp%2Fv2%2Fmedia&parent=2"}],"curies":[{"name":"wp","href":"https:\/\/api.w.org\/{rel}","templated":true}]}}