{"id":156,"date":"2014-10-09T13:32:08","date_gmt":"2014-10-09T11:32:08","guid":{"rendered":"http:\/\/www.computerisierung.com\/?page_id=156"},"modified":"2020-05-18T15:57:43","modified_gmt":"2020-05-18T13:57:43","slug":"impressum","status":"publish","type":"page","link":"https:\/\/www.computerisierung.com\/?page_id=156","title":{"rendered":"Impressum"},"content":{"rendered":"<p>computerisierung.com<br \/>\nist ein Blog des Forschungsprojekts des Zentrums f\u00fcr Zeithistorische Forschung Potsdam gef\u00f6rdert durch das Wettbewerbsprogramm (SAW) der Wissenschaftsgemeinschaft Gottfried Wilhelm Leibniz e.V.<\/p>\n<p>Kontakt<br \/>\nMartin Schmitt<br \/>\nZentrum f\u00fcr Zeithistorische Forschung Potsdam<br \/>\nAm Neuen Markt 1<br \/>\n14467 Potsdam<br \/>\nschmitt@zzf-pdm.de<br \/>\nTel.: +49-331-74510-119<br \/>\nFax: +49-331-74510-143<\/p>\n<p>Inhaltlich verantwortlich gem\u00e4\u00df \u00a7 55 Abs. 2 RStV<br \/>\nFrank B\u00f6sch<br \/>\nZentrum f\u00fcr Zeithistorische Forschung Potsdam<br \/>\nAm Neuen Markt 1<br \/>\nD-14467 Potsdam<br \/>\nTel. 0331 \/ 28991-57<\/p>\n<p>Haftungshinweis<br \/>\nTrotz sorgf\u00e4ltiger inhaltlicher Kontrolle \u00fcbernehmen wir keine Haftung f\u00fcr die Inhalte externer Links. F\u00fcr den Inhalt der verlinkten Seiten sind ausschlie\u00dflich deren Betreiber verantwortlich.<\/p>\n","protected":false},"excerpt":{"rendered":"<p>computerisierung.com ist ein Blog des Forschungsprojekts des Zentrums f\u00fcr Zeithistorische Forschung Potsdam gef\u00f6rdert durch das Wettbewerbsprogramm (SAW) der Wissenschaftsgemeinschaft Gottfried Wilhelm Leibniz e.V. Kontakt Martin Schmitt Zentrum f\u00fcr Zeithistorische Forschung Potsdam Am Neuen Markt 1 14467 Potsdam schmitt@zzf-pdm.de Tel.: +49-331-74510-119 Fax: +49-331-74510-143 Inhaltlich verantwortlich gem\u00e4\u00df \u00a7 55 Abs. 2 RStV Frank B\u00f6sch Zentrum f\u00fcr Zeithistorische [&hellip;]<\/p>\n","protected":false},"author":1,"featured_media":0,"parent":0,"menu_order":0,"comment_status":"open","ping_status":"open","template":"","meta":{"footnotes":""},"class_list":["post-156","page","type-page","status-publish","hentry","post"],"_links":{"self":[{"href":"https:\/\/www.computerisierung.com\/index.php?rest_route=\/wp\/v2\/pages\/156","targetHints":{"allow":["GET"]}}],"collection":[{"href":"https:\/\/www.computerisierung.com\/index.php?rest_route=\/wp\/v2\/pages"}],"about":[{"href":"https:\/\/www.computerisierung.com\/index.php?rest_route=\/wp\/v2\/types\/page"}],"author":[{"embeddable":true,"href":"https:\/\/www.computerisierung.com\/index.php?rest_route=\/wp\/v2\/users\/1"}],"replies":[{"embeddable":true,"href":"https:\/\/www.computerisierung.com\/index.php?rest_route=%2Fwp%2Fv2%2Fcomments&post=156"}],"version-history":[{"count":5,"href":"https:\/\/www.computerisierung.com\/index.php?rest_route=\/wp\/v2\/pages\/156\/revisions"}],"predecessor-version":[{"id":1182,"href":"https:\/\/www.computerisierung.com\/index.php?rest_route=\/wp\/v2\/pages\/156\/revisions\/1182"}],"wp:attachment":[{"href":"https:\/\/www.computerisierung.com\/index.php?rest_route=%2Fwp%2Fv2%2Fmedia&parent=156"}],"curies":[{"name":"wp","href":"https:\/\/api.w.org\/{rel}","templated":true}]}}